{"id":1866,"date":"2024-10-01T03:51:07","date_gmt":"2024-10-01T05:51:07","guid":{"rendered":"http:\/\/bim.sem.lv\/projects\/"},"modified":"2024-12-12T05:32:15","modified_gmt":"2024-12-12T07:32:15","slug":"projekti","status":"publish","type":"page","link":"https:\/\/balticbim.eu\/lv\/projekti\/","title":{"rendered":"Projekti"},"content":{"rendered":"","protected":false},"excerpt":{"rendered":"","protected":false},"author":8,"featured_media":0,"parent":0,"menu_order":0,"comment_status":"closed","ping_status":"closed","template":"","meta":{"footnotes":""},"class_list":["post-1866","page","type-page","status-publish","hentry"],"yoast_head":"<!-- This site is optimized with the Yoast SEO plugin v26.6 - https:\/\/yoast.com\/wordpress\/plugins\/seo\/ -->\n<title>BIM Projekti<\/title>\n<meta name=\"description\" content=\"Uzziniet, k\u0101 Baltic BIM Management \u012bsteno efekt\u012bvus BIM projektus ar kvalit\u0101ti, inov\u0101cij\u0101m un p\u0101rdom\u0101tiem procesiem\" \/>\n<meta name=\"robots\" content=\"index, follow, max-snippet:-1, max-image-preview:large, max-video-preview:-1\" \/>\n<link rel=\"canonical\" href=\"https:\/\/balticbim.eu\/lv\/projekti\/\" \/>\n<meta property=\"og:locale\" content=\"lv_LV\" \/>\n<meta property=\"og:type\" content=\"article\" \/>\n<meta property=\"og:title\" content=\"BIM Projekti\" \/>\n<meta property=\"og:description\" content=\"Uzziniet, k\u0101 Baltic BIM Management \u012bsteno efekt\u012bvus BIM projektus ar kvalit\u0101ti, inov\u0101cij\u0101m un p\u0101rdom\u0101tiem procesiem\" \/>\n<meta property=\"og:url\" content=\"https:\/\/balticbim.eu\/lv\/projekti\/\" \/>\n<meta property=\"og:site_name\" content=\"Baltic BIM Management\" \/>\n<meta property=\"article:modified_time\" content=\"2024-12-12T07:32:15+00:00\" \/>\n<meta property=\"og:image\" content=\"https:\/\/balticbim.eu\/wp-content\/uploads\/2020\/11\/linkedin-pic.jpg\" \/>\n\t<meta property=\"og:image:width\" content=\"80\" \/>\n\t<meta property=\"og:image:height\" content=\"43\" \/>\n\t<meta property=\"og:image:type\" content=\"image\/jpeg\" \/>\n<meta name=\"twitter:card\" content=\"summary_large_image\" \/>\n<script type=\"application\/ld+json\" class=\"yoast-schema-graph\">{\"@context\":\"https:\/\/schema.org\",\"@graph\":[{\"@type\":\"WebPage\",\"@id\":\"https:\/\/balticbim.eu\/lv\/projekti\/\",\"url\":\"https:\/\/balticbim.eu\/lv\/projekti\/\",\"name\":\"BIM Projekti\",\"isPartOf\":{\"@id\":\"https:\/\/balticbim.eu\/lv\/#website\"},\"datePublished\":\"2024-10-01T05:51:07+00:00\",\"dateModified\":\"2024-12-12T07:32:15+00:00\",\"description\":\"Uzziniet, k\u0101 Baltic BIM Management \u012bsteno efekt\u012bvus BIM projektus ar kvalit\u0101ti, inov\u0101cij\u0101m un p\u0101rdom\u0101tiem procesiem\",\"breadcrumb\":{\"@id\":\"https:\/\/balticbim.eu\/lv\/projekti\/#breadcrumb\"},\"inLanguage\":\"lv-LV\",\"potentialAction\":[{\"@type\":\"ReadAction\",\"target\":[\"https:\/\/balticbim.eu\/lv\/projekti\/\"]}]},{\"@type\":\"BreadcrumbList\",\"@id\":\"https:\/\/balticbim.eu\/lv\/projekti\/#breadcrumb\",\"itemListElement\":[{\"@type\":\"ListItem\",\"position\":1,\"name\":\"Home\",\"item\":\"https:\/\/balticbim.eu\/lv\/\"},{\"@type\":\"ListItem\",\"position\":2,\"name\":\"Projekti\"}]},{\"@type\":\"WebSite\",\"@id\":\"https:\/\/balticbim.eu\/lv\/#website\",\"url\":\"https:\/\/balticbim.eu\/lv\/\",\"name\":\"www.balticbim.eu\",\"description\":\"BIM Manager\",\"publisher\":{\"@id\":\"https:\/\/balticbim.eu\/lv\/#organization\"},\"potentialAction\":[{\"@type\":\"SearchAction\",\"target\":{\"@type\":\"EntryPoint\",\"urlTemplate\":\"https:\/\/balticbim.eu\/lv\/?s={search_term_string}\"},\"query-input\":{\"@type\":\"PropertyValueSpecification\",\"valueRequired\":true,\"valueName\":\"search_term_string\"}}],\"inLanguage\":\"lv-LV\"},{\"@type\":\"Organization\",\"@id\":\"https:\/\/balticbim.eu\/lv\/#organization\",\"name\":\"Baltic BIM Management\",\"url\":\"https:\/\/balticbim.eu\/lv\/\",\"logo\":{\"@type\":\"ImageObject\",\"inLanguage\":\"lv-LV\",\"@id\":\"https:\/\/balticbim.eu\/lv\/#\/schema\/logo\/image\/\",\"url\":\"https:\/\/balticbim.eu\/wp-content\/uploads\/2020\/03\/BBM-logo-no-text-retina.jpg\",\"contentUrl\":\"https:\/\/balticbim.eu\/wp-content\/uploads\/2020\/03\/BBM-logo-no-text-retina.jpg\",\"width\":200,\"height\":200,\"caption\":\"Baltic BIM Management\"},\"image\":{\"@id\":\"https:\/\/balticbim.eu\/lv\/#\/schema\/logo\/image\/\"},\"sameAs\":[\"https:\/\/www.linkedin.com\/company\/baltic-bim-management-jsc\"]}]}<\/script>\n<!-- \/ Yoast SEO plugin. -->","yoast_head_json":{"title":"BIM Projekti","description":"Uzziniet, k\u0101 Baltic BIM Management \u012bsteno efekt\u012bvus BIM projektus ar kvalit\u0101ti, inov\u0101cij\u0101m un p\u0101rdom\u0101tiem procesiem","robots":{"index":"index","follow":"follow","max-snippet":"max-snippet:-1","max-image-preview":"max-image-preview:large","max-video-preview":"max-video-preview:-1"},"canonical":"https:\/\/balticbim.eu\/lv\/projekti\/","og_locale":"lv_LV","og_type":"article","og_title":"BIM Projekti","og_description":"Uzziniet, k\u0101 Baltic BIM Management \u012bsteno efekt\u012bvus BIM projektus ar kvalit\u0101ti, inov\u0101cij\u0101m un p\u0101rdom\u0101tiem procesiem","og_url":"https:\/\/balticbim.eu\/lv\/projekti\/","og_site_name":"Baltic BIM Management","article_modified_time":"2024-12-12T07:32:15+00:00","og_image":[{"width":80,"height":43,"url":"https:\/\/balticbim.eu\/wp-content\/uploads\/2020\/11\/linkedin-pic.jpg","type":"image\/jpeg"}],"twitter_card":"summary_large_image","schema":{"@context":"https:\/\/schema.org","@graph":[{"@type":"WebPage","@id":"https:\/\/balticbim.eu\/lv\/projekti\/","url":"https:\/\/balticbim.eu\/lv\/projekti\/","name":"BIM Projekti","isPartOf":{"@id":"https:\/\/balticbim.eu\/lv\/#website"},"datePublished":"2024-10-01T05:51:07+00:00","dateModified":"2024-12-12T07:32:15+00:00","description":"Uzziniet, k\u0101 Baltic BIM Management \u012bsteno efekt\u012bvus BIM projektus ar kvalit\u0101ti, inov\u0101cij\u0101m un p\u0101rdom\u0101tiem procesiem","breadcrumb":{"@id":"https:\/\/balticbim.eu\/lv\/projekti\/#breadcrumb"},"inLanguage":"lv-LV","potentialAction":[{"@type":"ReadAction","target":["https:\/\/balticbim.eu\/lv\/projekti\/"]}]},{"@type":"BreadcrumbList","@id":"https:\/\/balticbim.eu\/lv\/projekti\/#breadcrumb","itemListElement":[{"@type":"ListItem","position":1,"name":"Home","item":"https:\/\/balticbim.eu\/lv\/"},{"@type":"ListItem","position":2,"name":"Projekti"}]},{"@type":"WebSite","@id":"https:\/\/balticbim.eu\/lv\/#website","url":"https:\/\/balticbim.eu\/lv\/","name":"www.balticbim.eu","description":"BIM Manager","publisher":{"@id":"https:\/\/balticbim.eu\/lv\/#organization"},"potentialAction":[{"@type":"SearchAction","target":{"@type":"EntryPoint","urlTemplate":"https:\/\/balticbim.eu\/lv\/?s={search_term_string}"},"query-input":{"@type":"PropertyValueSpecification","valueRequired":true,"valueName":"search_term_string"}}],"inLanguage":"lv-LV"},{"@type":"Organization","@id":"https:\/\/balticbim.eu\/lv\/#organization","name":"Baltic BIM Management","url":"https:\/\/balticbim.eu\/lv\/","logo":{"@type":"ImageObject","inLanguage":"lv-LV","@id":"https:\/\/balticbim.eu\/lv\/#\/schema\/logo\/image\/","url":"https:\/\/balticbim.eu\/wp-content\/uploads\/2020\/03\/BBM-logo-no-text-retina.jpg","contentUrl":"https:\/\/balticbim.eu\/wp-content\/uploads\/2020\/03\/BBM-logo-no-text-retina.jpg","width":200,"height":200,"caption":"Baltic BIM Management"},"image":{"@id":"https:\/\/balticbim.eu\/lv\/#\/schema\/logo\/image\/"},"sameAs":["https:\/\/www.linkedin.com\/company\/baltic-bim-management-jsc"]}]}},"_links":{"self":[{"href":"https:\/\/balticbim.eu\/lv\/wp-json\/wp\/v2\/pages\/1866","targetHints":{"allow":["GET"]}}],"collection":[{"href":"https:\/\/balticbim.eu\/lv\/wp-json\/wp\/v2\/pages"}],"about":[{"href":"https:\/\/balticbim.eu\/lv\/wp-json\/wp\/v2\/types\/page"}],"author":[{"embeddable":true,"href":"https:\/\/balticbim.eu\/lv\/wp-json\/wp\/v2\/users\/8"}],"replies":[{"embeddable":true,"href":"https:\/\/balticbim.eu\/lv\/wp-json\/wp\/v2\/comments?post=1866"}],"version-history":[{"count":1,"href":"https:\/\/balticbim.eu\/lv\/wp-json\/wp\/v2\/pages\/1866\/revisions"}],"predecessor-version":[{"id":2147,"href":"https:\/\/balticbim.eu\/lv\/wp-json\/wp\/v2\/pages\/1866\/revisions\/2147"}],"wp:attachment":[{"href":"https:\/\/balticbim.eu\/lv\/wp-json\/wp\/v2\/media?parent=1866"}],"curies":[{"name":"wp","href":"https:\/\/api.w.org\/{rel}","templated":true}]}}