{"id":2010,"date":"2019-05-27T13:33:18","date_gmt":"2019-05-27T15:33:18","guid":{"rendered":"https:\/\/balticbim.eu\/home\/"},"modified":"2026-01-27T07:49:48","modified_gmt":"2026-01-27T09:49:48","slug":"home-2","status":"publish","type":"page","link":"https:\/\/balticbim.eu\/lv\/","title":{"rendered":"S\u0101kums"},"content":{"rendered":"","protected":false},"excerpt":{"rendered":"","protected":false},"author":8,"featured_media":1203,"parent":0,"menu_order":0,"comment_status":"closed","ping_status":"closed","template":"","meta":{"footnotes":""},"class_list":["post-2010","page","type-page","status-publish","has-post-thumbnail","hentry"],"yoast_head":"<!-- This site is optimized with the Yoast SEO plugin v26.6 - https:\/\/yoast.com\/wordpress\/plugins\/seo\/ -->\n<title>Baltic BIM Management - BIM projektu vad\u012bbas pakalpojumi<\/title>\n<meta name=\"description\" content=\"Baltic BIM Management \u2013 j\u016bsu partneris digit\u0101laj\u0101 b\u016bvniec\u012bb\u0101. Iepaz\u012bstiet BIM risin\u0101jumus un inov\u0101cijas gudr\u0101kai projektu vad\u012bbai\" \/>\n<meta name=\"robots\" content=\"index, follow, max-snippet:-1, max-image-preview:large, max-video-preview:-1\" \/>\n<link rel=\"canonical\" href=\"https:\/\/balticbim.eu\/lv\/\" \/>\n<meta property=\"og:locale\" content=\"lv_LV\" \/>\n<meta property=\"og:type\" content=\"article\" \/>\n<meta property=\"og:title\" content=\"Baltic BIM Management - BIM projektu vad\u012bbas pakalpojumi\" \/>\n<meta property=\"og:description\" content=\"Baltic BIM Management \u2013 j\u016bsu partneris digit\u0101laj\u0101 b\u016bvniec\u012bb\u0101. Iepaz\u012bstiet BIM risin\u0101jumus un inov\u0101cijas gudr\u0101kai projektu vad\u012bbai\" \/>\n<meta property=\"og:url\" content=\"https:\/\/balticbim.eu\/lv\/\" \/>\n<meta property=\"og:site_name\" content=\"Baltic BIM Management\" \/>\n<meta property=\"article:modified_time\" content=\"2026-01-27T09:49:48+00:00\" \/>\n<meta property=\"og:image\" content=\"https:\/\/balticbim.eu\/wp-content\/uploads\/2020\/03\/main-logo-retina.png\" \/>\n\t<meta property=\"og:image:width\" content=\"240\" \/>\n\t<meta property=\"og:image:height\" content=\"381\" \/>\n\t<meta property=\"og:image:type\" content=\"image\/png\" \/>\n<meta name=\"twitter:card\" content=\"summary_large_image\" \/>\n<meta name=\"twitter:image\" content=\"https:\/\/balticbim.eu\/wp-content\/uploads\/2020\/03\/main-logo-retina.png\" \/>\n<meta name=\"twitter:label1\" content=\"Est. reading time\" \/>\n\t<meta name=\"twitter:data1\" content=\"1 minute\" \/>\n<script type=\"application\/ld+json\" class=\"yoast-schema-graph\">{\"@context\":\"https:\/\/schema.org\",\"@graph\":[{\"@type\":\"WebPage\",\"@id\":\"https:\/\/balticbim.eu\/lv\/\",\"url\":\"https:\/\/balticbim.eu\/lv\/\",\"name\":\"Baltic BIM Management - BIM projektu vad\u012bbas pakalpojumi\",\"isPartOf\":{\"@id\":\"https:\/\/balticbim.eu\/lv\/#website\"},\"primaryImageOfPage\":{\"@id\":\"https:\/\/balticbim.eu\/lv\/#primaryimage\"},\"image\":{\"@id\":\"https:\/\/balticbim.eu\/lv\/#primaryimage\"},\"thumbnailUrl\":\"https:\/\/balticbim.eu\/wp-content\/uploads\/2020\/11\/BBM.jpg\",\"datePublished\":\"2019-05-27T15:33:18+00:00\",\"dateModified\":\"2026-01-27T09:49:48+00:00\",\"description\":\"Baltic BIM Management \u2013 j\u016bsu partneris digit\u0101laj\u0101 b\u016bvniec\u012bb\u0101. Iepaz\u012bstiet BIM risin\u0101jumus un inov\u0101cijas gudr\u0101kai projektu vad\u012bbai\",\"breadcrumb\":{\"@id\":\"https:\/\/balticbim.eu\/lv\/#breadcrumb\"},\"inLanguage\":\"lv-LV\",\"potentialAction\":[{\"@type\":\"ReadAction\",\"target\":[\"https:\/\/balticbim.eu\/lv\/\"]}]},{\"@type\":\"ImageObject\",\"inLanguage\":\"lv-LV\",\"@id\":\"https:\/\/balticbim.eu\/lv\/#primaryimage\",\"url\":\"https:\/\/balticbim.eu\/wp-content\/uploads\/2020\/11\/BBM.jpg\",\"contentUrl\":\"https:\/\/balticbim.eu\/wp-content\/uploads\/2020\/11\/BBM.jpg\",\"width\":800,\"height\":430},{\"@type\":\"BreadcrumbList\",\"@id\":\"https:\/\/balticbim.eu\/lv\/#breadcrumb\",\"itemListElement\":[{\"@type\":\"ListItem\",\"position\":1,\"name\":\"Home\",\"item\":\"https:\/\/balticbim.eu\/lv\/\"},{\"@type\":\"ListItem\",\"position\":2,\"name\":\"S\u0101kums\"}]},{\"@type\":\"WebSite\",\"@id\":\"https:\/\/balticbim.eu\/lv\/#website\",\"url\":\"https:\/\/balticbim.eu\/lv\/\",\"name\":\"www.balticbim.eu\",\"description\":\"BIM Manager\",\"publisher\":{\"@id\":\"https:\/\/balticbim.eu\/lv\/#organization\"},\"potentialAction\":[{\"@type\":\"SearchAction\",\"target\":{\"@type\":\"EntryPoint\",\"urlTemplate\":\"https:\/\/balticbim.eu\/lv\/?s={search_term_string}\"},\"query-input\":{\"@type\":\"PropertyValueSpecification\",\"valueRequired\":true,\"valueName\":\"search_term_string\"}}],\"inLanguage\":\"lv-LV\"},{\"@type\":\"Organization\",\"@id\":\"https:\/\/balticbim.eu\/lv\/#organization\",\"name\":\"Baltic BIM Management\",\"url\":\"https:\/\/balticbim.eu\/lv\/\",\"logo\":{\"@type\":\"ImageObject\",\"inLanguage\":\"lv-LV\",\"@id\":\"https:\/\/balticbim.eu\/lv\/#\/schema\/logo\/image\/\",\"url\":\"https:\/\/balticbim.eu\/wp-content\/uploads\/2020\/03\/BBM-logo-no-text-retina.jpg\",\"contentUrl\":\"https:\/\/balticbim.eu\/wp-content\/uploads\/2020\/03\/BBM-logo-no-text-retina.jpg\",\"width\":200,\"height\":200,\"caption\":\"Baltic BIM Management\"},\"image\":{\"@id\":\"https:\/\/balticbim.eu\/lv\/#\/schema\/logo\/image\/\"},\"sameAs\":[\"https:\/\/www.linkedin.com\/company\/baltic-bim-management-jsc\"]}]}<\/script>\n<!-- \/ Yoast SEO plugin. -->","yoast_head_json":{"title":"Baltic BIM Management - BIM projektu vad\u012bbas pakalpojumi","description":"Baltic BIM Management \u2013 j\u016bsu partneris digit\u0101laj\u0101 b\u016bvniec\u012bb\u0101. Iepaz\u012bstiet BIM risin\u0101jumus un inov\u0101cijas gudr\u0101kai projektu vad\u012bbai","robots":{"index":"index","follow":"follow","max-snippet":"max-snippet:-1","max-image-preview":"max-image-preview:large","max-video-preview":"max-video-preview:-1"},"canonical":"https:\/\/balticbim.eu\/lv\/","og_locale":"lv_LV","og_type":"article","og_title":"Baltic BIM Management - BIM projektu vad\u012bbas pakalpojumi","og_description":"Baltic BIM Management \u2013 j\u016bsu partneris digit\u0101laj\u0101 b\u016bvniec\u012bb\u0101. Iepaz\u012bstiet BIM risin\u0101jumus un inov\u0101cijas gudr\u0101kai projektu vad\u012bbai","og_url":"https:\/\/balticbim.eu\/lv\/","og_site_name":"Baltic BIM Management","article_modified_time":"2026-01-27T09:49:48+00:00","og_image":[{"width":240,"height":381,"url":"https:\/\/balticbim.eu\/wp-content\/uploads\/2020\/03\/main-logo-retina.png","type":"image\/png"}],"twitter_card":"summary_large_image","twitter_image":"https:\/\/balticbim.eu\/wp-content\/uploads\/2020\/03\/main-logo-retina.png","twitter_misc":{"Est. reading time":"1 minute"},"schema":{"@context":"https:\/\/schema.org","@graph":[{"@type":"WebPage","@id":"https:\/\/balticbim.eu\/lv\/","url":"https:\/\/balticbim.eu\/lv\/","name":"Baltic BIM Management - BIM projektu vad\u012bbas pakalpojumi","isPartOf":{"@id":"https:\/\/balticbim.eu\/lv\/#website"},"primaryImageOfPage":{"@id":"https:\/\/balticbim.eu\/lv\/#primaryimage"},"image":{"@id":"https:\/\/balticbim.eu\/lv\/#primaryimage"},"thumbnailUrl":"https:\/\/balticbim.eu\/wp-content\/uploads\/2020\/11\/BBM.jpg","datePublished":"2019-05-27T15:33:18+00:00","dateModified":"2026-01-27T09:49:48+00:00","description":"Baltic BIM Management \u2013 j\u016bsu partneris digit\u0101laj\u0101 b\u016bvniec\u012bb\u0101. Iepaz\u012bstiet BIM risin\u0101jumus un inov\u0101cijas gudr\u0101kai projektu vad\u012bbai","breadcrumb":{"@id":"https:\/\/balticbim.eu\/lv\/#breadcrumb"},"inLanguage":"lv-LV","potentialAction":[{"@type":"ReadAction","target":["https:\/\/balticbim.eu\/lv\/"]}]},{"@type":"ImageObject","inLanguage":"lv-LV","@id":"https:\/\/balticbim.eu\/lv\/#primaryimage","url":"https:\/\/balticbim.eu\/wp-content\/uploads\/2020\/11\/BBM.jpg","contentUrl":"https:\/\/balticbim.eu\/wp-content\/uploads\/2020\/11\/BBM.jpg","width":800,"height":430},{"@type":"BreadcrumbList","@id":"https:\/\/balticbim.eu\/lv\/#breadcrumb","itemListElement":[{"@type":"ListItem","position":1,"name":"Home","item":"https:\/\/balticbim.eu\/lv\/"},{"@type":"ListItem","position":2,"name":"S\u0101kums"}]},{"@type":"WebSite","@id":"https:\/\/balticbim.eu\/lv\/#website","url":"https:\/\/balticbim.eu\/lv\/","name":"www.balticbim.eu","description":"BIM Manager","publisher":{"@id":"https:\/\/balticbim.eu\/lv\/#organization"},"potentialAction":[{"@type":"SearchAction","target":{"@type":"EntryPoint","urlTemplate":"https:\/\/balticbim.eu\/lv\/?s={search_term_string}"},"query-input":{"@type":"PropertyValueSpecification","valueRequired":true,"valueName":"search_term_string"}}],"inLanguage":"lv-LV"},{"@type":"Organization","@id":"https:\/\/balticbim.eu\/lv\/#organization","name":"Baltic BIM Management","url":"https:\/\/balticbim.eu\/lv\/","logo":{"@type":"ImageObject","inLanguage":"lv-LV","@id":"https:\/\/balticbim.eu\/lv\/#\/schema\/logo\/image\/","url":"https:\/\/balticbim.eu\/wp-content\/uploads\/2020\/03\/BBM-logo-no-text-retina.jpg","contentUrl":"https:\/\/balticbim.eu\/wp-content\/uploads\/2020\/03\/BBM-logo-no-text-retina.jpg","width":200,"height":200,"caption":"Baltic BIM Management"},"image":{"@id":"https:\/\/balticbim.eu\/lv\/#\/schema\/logo\/image\/"},"sameAs":["https:\/\/www.linkedin.com\/company\/baltic-bim-management-jsc"]}]}},"_links":{"self":[{"href":"https:\/\/balticbim.eu\/lv\/wp-json\/wp\/v2\/pages\/2010","targetHints":{"allow":["GET"]}}],"collection":[{"href":"https:\/\/balticbim.eu\/lv\/wp-json\/wp\/v2\/pages"}],"about":[{"href":"https:\/\/balticbim.eu\/lv\/wp-json\/wp\/v2\/types\/page"}],"author":[{"embeddable":true,"href":"https:\/\/balticbim.eu\/lv\/wp-json\/wp\/v2\/users\/8"}],"replies":[{"embeddable":true,"href":"https:\/\/balticbim.eu\/lv\/wp-json\/wp\/v2\/comments?post=2010"}],"version-history":[{"count":1,"href":"https:\/\/balticbim.eu\/lv\/wp-json\/wp\/v2\/pages\/2010\/revisions"}],"predecessor-version":[{"id":2136,"href":"https:\/\/balticbim.eu\/lv\/wp-json\/wp\/v2\/pages\/2010\/revisions\/2136"}],"wp:featuredmedia":[{"embeddable":true,"href":"https:\/\/balticbim.eu\/lv\/wp-json\/wp\/v2\/media\/1203"}],"wp:attachment":[{"href":"https:\/\/balticbim.eu\/lv\/wp-json\/wp\/v2\/media?parent=2010"}],"curies":[{"name":"wp","href":"https:\/\/api.w.org\/{rel}","templated":true}]}}