{"id":2166,"date":"2024-10-23T09:12:30","date_gmt":"2024-10-23T11:12:30","guid":{"rendered":"https:\/\/balticbim.eu\/?page_id=2166"},"modified":"2025-04-24T08:23:38","modified_gmt":"2025-04-24T10:23:38","slug":"5d-bim","status":"publish","type":"page","link":"https:\/\/balticbim.eu\/lv\/bim-pakalojumi\/5d-bim\/","title":{"rendered":"5D BIM"},"content":{"rendered":"","protected":false},"excerpt":{"rendered":"","protected":false},"author":8,"featured_media":0,"parent":1920,"menu_order":0,"comment_status":"closed","ping_status":"closed","template":"","meta":{"footnotes":""},"class_list":["post-2166","page","type-page","status-publish","hentry"],"yoast_head":"<!-- This site is optimized with the Yoast SEO plugin v26.6 - https:\/\/yoast.com\/wordpress\/plugins\/seo\/ -->\n<title>5D BIM Pakalpojumi<\/title>\n<meta name=\"description\" content=\"Optimiz\u0113jiet savus b\u016bvniec\u012bbas projektus ar 5D BIM! Prec\u012bza izmaksu pl\u0101no\u0161ana un kontrole, samazinot neparedz\u0113tus izdevumus. Uzziniet vair\u0101k!\" \/>\n<meta name=\"robots\" content=\"index, follow, max-snippet:-1, max-image-preview:large, max-video-preview:-1\" \/>\n<link rel=\"canonical\" href=\"https:\/\/balticbim.eu\/lv\/bim-pakalojumi\/5d-bim\/\" \/>\n<meta property=\"og:locale\" content=\"lv_LV\" \/>\n<meta property=\"og:type\" content=\"article\" \/>\n<meta property=\"og:title\" content=\"5D BIM Pakalpojumi\" \/>\n<meta property=\"og:description\" content=\"Optimiz\u0113jiet savus b\u016bvniec\u012bbas projektus ar 5D BIM! Prec\u012bza izmaksu pl\u0101no\u0161ana un kontrole, samazinot neparedz\u0113tus izdevumus. Uzziniet vair\u0101k!\" \/>\n<meta property=\"og:url\" content=\"https:\/\/balticbim.eu\/lv\/bim-pakalojumi\/5d-bim\/\" \/>\n<meta property=\"og:site_name\" content=\"Baltic BIM Management\" \/>\n<meta property=\"article:modified_time\" content=\"2025-04-24T10:23:38+00:00\" \/>\n<meta property=\"og:image\" content=\"https:\/\/balticbim.eu\/wp-content\/uploads\/2020\/11\/linkedin-pic.jpg\" \/>\n\t<meta property=\"og:image:width\" content=\"80\" \/>\n\t<meta property=\"og:image:height\" content=\"43\" \/>\n\t<meta property=\"og:image:type\" content=\"image\/jpeg\" \/>\n<meta name=\"twitter:card\" content=\"summary_large_image\" \/>\n<script type=\"application\/ld+json\" class=\"yoast-schema-graph\">{\"@context\":\"https:\/\/schema.org\",\"@graph\":[{\"@type\":\"WebPage\",\"@id\":\"https:\/\/balticbim.eu\/lv\/bim-pakalojumi\/5d-bim\/\",\"url\":\"https:\/\/balticbim.eu\/lv\/bim-pakalojumi\/5d-bim\/\",\"name\":\"5D BIM Pakalpojumi\",\"isPartOf\":{\"@id\":\"https:\/\/balticbim.eu\/lv\/#website\"},\"datePublished\":\"2024-10-23T11:12:30+00:00\",\"dateModified\":\"2025-04-24T10:23:38+00:00\",\"description\":\"Optimiz\u0113jiet savus b\u016bvniec\u012bbas projektus ar 5D BIM! Prec\u012bza izmaksu pl\u0101no\u0161ana un kontrole, samazinot neparedz\u0113tus izdevumus. Uzziniet vair\u0101k!\",\"breadcrumb\":{\"@id\":\"https:\/\/balticbim.eu\/lv\/bim-pakalojumi\/5d-bim\/#breadcrumb\"},\"inLanguage\":\"lv-LV\",\"potentialAction\":[{\"@type\":\"ReadAction\",\"target\":[\"https:\/\/balticbim.eu\/lv\/bim-pakalojumi\/5d-bim\/\"]}]},{\"@type\":\"BreadcrumbList\",\"@id\":\"https:\/\/balticbim.eu\/lv\/bim-pakalojumi\/5d-bim\/#breadcrumb\",\"itemListElement\":[{\"@type\":\"ListItem\",\"position\":1,\"name\":\"Home\",\"item\":\"https:\/\/balticbim.eu\/lv\/\"},{\"@type\":\"ListItem\",\"position\":2,\"name\":\"Pakalpojumi\",\"item\":\"https:\/\/balticbim.eu\/lv\/bim-services\/\"},{\"@type\":\"ListItem\",\"position\":3,\"name\":\"5D BIM\"}]},{\"@type\":\"WebSite\",\"@id\":\"https:\/\/balticbim.eu\/lv\/#website\",\"url\":\"https:\/\/balticbim.eu\/lv\/\",\"name\":\"www.balticbim.eu\",\"description\":\"BIM Manager\",\"publisher\":{\"@id\":\"https:\/\/balticbim.eu\/lv\/#organization\"},\"potentialAction\":[{\"@type\":\"SearchAction\",\"target\":{\"@type\":\"EntryPoint\",\"urlTemplate\":\"https:\/\/balticbim.eu\/lv\/?s={search_term_string}\"},\"query-input\":{\"@type\":\"PropertyValueSpecification\",\"valueRequired\":true,\"valueName\":\"search_term_string\"}}],\"inLanguage\":\"lv-LV\"},{\"@type\":\"Organization\",\"@id\":\"https:\/\/balticbim.eu\/lv\/#organization\",\"name\":\"Baltic BIM Management\",\"url\":\"https:\/\/balticbim.eu\/lv\/\",\"logo\":{\"@type\":\"ImageObject\",\"inLanguage\":\"lv-LV\",\"@id\":\"https:\/\/balticbim.eu\/lv\/#\/schema\/logo\/image\/\",\"url\":\"https:\/\/balticbim.eu\/wp-content\/uploads\/2020\/03\/BBM-logo-no-text-retina.jpg\",\"contentUrl\":\"https:\/\/balticbim.eu\/wp-content\/uploads\/2020\/03\/BBM-logo-no-text-retina.jpg\",\"width\":200,\"height\":200,\"caption\":\"Baltic BIM Management\"},\"image\":{\"@id\":\"https:\/\/balticbim.eu\/lv\/#\/schema\/logo\/image\/\"},\"sameAs\":[\"https:\/\/www.linkedin.com\/company\/baltic-bim-management-jsc\"]}]}<\/script>\n<!-- \/ Yoast SEO plugin. -->","yoast_head_json":{"title":"5D BIM Pakalpojumi","description":"Optimiz\u0113jiet savus b\u016bvniec\u012bbas projektus ar 5D BIM! Prec\u012bza izmaksu pl\u0101no\u0161ana un kontrole, samazinot neparedz\u0113tus izdevumus. Uzziniet vair\u0101k!","robots":{"index":"index","follow":"follow","max-snippet":"max-snippet:-1","max-image-preview":"max-image-preview:large","max-video-preview":"max-video-preview:-1"},"canonical":"https:\/\/balticbim.eu\/lv\/bim-pakalojumi\/5d-bim\/","og_locale":"lv_LV","og_type":"article","og_title":"5D BIM Pakalpojumi","og_description":"Optimiz\u0113jiet savus b\u016bvniec\u012bbas projektus ar 5D BIM! Prec\u012bza izmaksu pl\u0101no\u0161ana un kontrole, samazinot neparedz\u0113tus izdevumus. Uzziniet vair\u0101k!","og_url":"https:\/\/balticbim.eu\/lv\/bim-pakalojumi\/5d-bim\/","og_site_name":"Baltic BIM Management","article_modified_time":"2025-04-24T10:23:38+00:00","og_image":[{"width":80,"height":43,"url":"https:\/\/balticbim.eu\/wp-content\/uploads\/2020\/11\/linkedin-pic.jpg","type":"image\/jpeg"}],"twitter_card":"summary_large_image","schema":{"@context":"https:\/\/schema.org","@graph":[{"@type":"WebPage","@id":"https:\/\/balticbim.eu\/lv\/bim-pakalojumi\/5d-bim\/","url":"https:\/\/balticbim.eu\/lv\/bim-pakalojumi\/5d-bim\/","name":"5D BIM Pakalpojumi","isPartOf":{"@id":"https:\/\/balticbim.eu\/lv\/#website"},"datePublished":"2024-10-23T11:12:30+00:00","dateModified":"2025-04-24T10:23:38+00:00","description":"Optimiz\u0113jiet savus b\u016bvniec\u012bbas projektus ar 5D BIM! Prec\u012bza izmaksu pl\u0101no\u0161ana un kontrole, samazinot neparedz\u0113tus izdevumus. Uzziniet vair\u0101k!","breadcrumb":{"@id":"https:\/\/balticbim.eu\/lv\/bim-pakalojumi\/5d-bim\/#breadcrumb"},"inLanguage":"lv-LV","potentialAction":[{"@type":"ReadAction","target":["https:\/\/balticbim.eu\/lv\/bim-pakalojumi\/5d-bim\/"]}]},{"@type":"BreadcrumbList","@id":"https:\/\/balticbim.eu\/lv\/bim-pakalojumi\/5d-bim\/#breadcrumb","itemListElement":[{"@type":"ListItem","position":1,"name":"Home","item":"https:\/\/balticbim.eu\/lv\/"},{"@type":"ListItem","position":2,"name":"Pakalpojumi","item":"https:\/\/balticbim.eu\/lv\/bim-services\/"},{"@type":"ListItem","position":3,"name":"5D BIM"}]},{"@type":"WebSite","@id":"https:\/\/balticbim.eu\/lv\/#website","url":"https:\/\/balticbim.eu\/lv\/","name":"www.balticbim.eu","description":"BIM Manager","publisher":{"@id":"https:\/\/balticbim.eu\/lv\/#organization"},"potentialAction":[{"@type":"SearchAction","target":{"@type":"EntryPoint","urlTemplate":"https:\/\/balticbim.eu\/lv\/?s={search_term_string}"},"query-input":{"@type":"PropertyValueSpecification","valueRequired":true,"valueName":"search_term_string"}}],"inLanguage":"lv-LV"},{"@type":"Organization","@id":"https:\/\/balticbim.eu\/lv\/#organization","name":"Baltic BIM Management","url":"https:\/\/balticbim.eu\/lv\/","logo":{"@type":"ImageObject","inLanguage":"lv-LV","@id":"https:\/\/balticbim.eu\/lv\/#\/schema\/logo\/image\/","url":"https:\/\/balticbim.eu\/wp-content\/uploads\/2020\/03\/BBM-logo-no-text-retina.jpg","contentUrl":"https:\/\/balticbim.eu\/wp-content\/uploads\/2020\/03\/BBM-logo-no-text-retina.jpg","width":200,"height":200,"caption":"Baltic BIM Management"},"image":{"@id":"https:\/\/balticbim.eu\/lv\/#\/schema\/logo\/image\/"},"sameAs":["https:\/\/www.linkedin.com\/company\/baltic-bim-management-jsc"]}]}},"_links":{"self":[{"href":"https:\/\/balticbim.eu\/lv\/wp-json\/wp\/v2\/pages\/2166","targetHints":{"allow":["GET"]}}],"collection":[{"href":"https:\/\/balticbim.eu\/lv\/wp-json\/wp\/v2\/pages"}],"about":[{"href":"https:\/\/balticbim.eu\/lv\/wp-json\/wp\/v2\/types\/page"}],"author":[{"embeddable":true,"href":"https:\/\/balticbim.eu\/lv\/wp-json\/wp\/v2\/users\/8"}],"replies":[{"embeddable":true,"href":"https:\/\/balticbim.eu\/lv\/wp-json\/wp\/v2\/comments?post=2166"}],"version-history":[{"count":1,"href":"https:\/\/balticbim.eu\/lv\/wp-json\/wp\/v2\/pages\/2166\/revisions"}],"predecessor-version":[{"id":2167,"href":"https:\/\/balticbim.eu\/lv\/wp-json\/wp\/v2\/pages\/2166\/revisions\/2167"}],"up":[{"embeddable":true,"href":"https:\/\/balticbim.eu\/lv\/wp-json\/wp\/v2\/pages\/1920"}],"wp:attachment":[{"href":"https:\/\/balticbim.eu\/lv\/wp-json\/wp\/v2\/media?parent=2166"}],"curies":[{"name":"wp","href":"https:\/\/api.w.org\/{rel}","templated":true}]}}